{"id":15,"date":"2014-01-28T21:03:36","date_gmt":"2014-01-28T19:03:36","guid":{"rendered":"http:\/\/www.mertens-unna.de\/?page_id=15"},"modified":"2018-10-26T13:41:37","modified_gmt":"2018-10-26T11:41:37","slug":"ausstellung","status":"publish","type":"page","link":"http:\/\/www.mertens-unna.de\/?page_id=15","title":{"rendered":"Ausstellung"},"content":{"rendered":"<h3><span style=\"color: #000000;\">Besuchen Sie unsere&nbsp;moderne und gro\u00dfz\u00fcgig gestaltete Ausstellung!<\/span><\/h3>\n<hr>\n<p><span style=\"color: #000000;\">Unsere Ausstellungsfl\u00e4che bietet auf einer Fl\u00e4che von ca. 200 qm eine gro\u00dfe Auswahl an neuesten Produkten und hochwertigen Materialien rund ums Bauen, Renovieren und Modernisieren.<\/span><\/p>\n<p><span style=\"color: #000000;\">Wir pr\u00e4sentieren L\u00f6sungen und zeigen Inspirationen aus den verschiedenen Bereichen unseres Leistungsspektrums. Unsere Mitarbeiter informieren Sie gerne \u00fcber unser umfangreiches Angebot und beraten Sie kompetent.<\/span><\/p>\n<h4><span style=\"color: #000000;\">Wir freuen uns auf Ihren Besuch!<\/span><strong><br \/>\n<\/strong><\/h4>\n<p><strong><div\n\tclass=\"ngg-galleryoverview ngg-ajax-pagination-none\"\n\tid=\"ngg-gallery-80c53c027d0979196b643d3232a88ce8-1\">\n\n    \t<div class=\"slideshowlink\">\n        <a href='http:\/\/www.mertens-unna.de\/index.php\/nggallery\/slideshow?page_id=15'> <\/a>\n\t\t\n\t<\/div>\n\t\t\t<!-- Thumbnails -->\n\t\t\t\t<div id=\"ngg-image-0\" class=\"ngg-gallery-thumbnail-box\" >\n\t\t\t\t        <div class=\"ngg-gallery-thumbnail\">\n            <a href=\"http:\/\/www.mertens-unna.de\/wp-content\/gallery\/ausstellung\/bild24.png\"\n               title=\"\"\n               data-src=\"http:\/\/www.mertens-unna.de\/wp-content\/gallery\/ausstellung\/bild24.png\"\n               data-thumbnail=\"http:\/\/www.mertens-unna.de\/wp-content\/gallery\/ausstellung\/thumbs\/thumbs_bild24.png\"\n               data-image-id=\"6\"\n               data-title=\"bild24\"\n               data-description=\"\"\n               data-image-slug=\"bild24\"\n               class=\"ngg-fancybox\" rel=\"80c53c027d0979196b643d3232a88ce8\">\n                <img\n                    title=\"bild24\"\n                    alt=\"bild24\"\n                    src=\"http:\/\/www.mertens-unna.de\/wp-content\/gallery\/ausstellung\/thumbs\/thumbs_bild24.png\"\n                    width=\"300\"\n                    height=\"200\"\n                    style=\"max-width:100%;\"\n                \/>\n            <\/a>\n        <\/div>\n\t\t\t\t\t\t\t<\/div> \n\t\t\t\n        \n\t\t\t\t<div id=\"ngg-image-1\" class=\"ngg-gallery-thumbnail-box\" >\n\t\t\t\t        <div class=\"ngg-gallery-thumbnail\">\n            <a href=\"http:\/\/www.mertens-unna.de\/wp-content\/gallery\/ausstellung\/bild1.png\"\n               title=\"\"\n               data-src=\"http:\/\/www.mertens-unna.de\/wp-content\/gallery\/ausstellung\/bild1.png\"\n               data-thumbnail=\"http:\/\/www.mertens-unna.de\/wp-content\/gallery\/ausstellung\/thumbs\/thumbs_bild1.png\"\n               data-image-id=\"7\"\n               data-title=\"bild1\"\n               data-description=\"\"\n               data-image-slug=\"bild1\"\n               class=\"ngg-fancybox\" rel=\"80c53c027d0979196b643d3232a88ce8\">\n                <img\n                    title=\"bild1\"\n                    alt=\"bild1\"\n                    src=\"http:\/\/www.mertens-unna.de\/wp-content\/gallery\/ausstellung\/thumbs\/thumbs_bild1.png\"\n                    width=\"300\"\n                    height=\"200\"\n                    style=\"max-width:100%;\"\n                \/>\n            <\/a>\n        <\/div>\n\t\t\t\t\t\t\t<\/div> \n\t\t\t\n        \n\t\t\t\t<div id=\"ngg-image-2\" class=\"ngg-gallery-thumbnail-box\" >\n\t\t\t\t        <div class=\"ngg-gallery-thumbnail\">\n            <a href=\"http:\/\/www.mertens-unna.de\/wp-content\/gallery\/ausstellung\/bild4.png\"\n               title=\"\"\n               data-src=\"http:\/\/www.mertens-unna.de\/wp-content\/gallery\/ausstellung\/bild4.png\"\n               data-thumbnail=\"http:\/\/www.mertens-unna.de\/wp-content\/gallery\/ausstellung\/thumbs\/thumbs_bild4.png\"\n               data-image-id=\"10\"\n               data-title=\"bild4\"\n               data-description=\"\"\n               data-image-slug=\"bild4\"\n               class=\"ngg-fancybox\" rel=\"80c53c027d0979196b643d3232a88ce8\">\n                <img\n                    title=\"bild4\"\n                    alt=\"bild4\"\n                    src=\"http:\/\/www.mertens-unna.de\/wp-content\/gallery\/ausstellung\/thumbs\/thumbs_bild4.png\"\n                    width=\"300\"\n                    height=\"200\"\n                    style=\"max-width:100%;\"\n                \/>\n            <\/a>\n        <\/div>\n\t\t\t\t\t\t\t<\/div> \n\t\t\t\n        \n\t\t\t\t<div id=\"ngg-image-3\" class=\"ngg-gallery-thumbnail-box\" >\n\t\t\t\t        <div class=\"ngg-gallery-thumbnail\">\n            <a href=\"http:\/\/www.mertens-unna.de\/wp-content\/gallery\/ausstellung\/bild5.png\"\n               title=\"\"\n               data-src=\"http:\/\/www.mertens-unna.de\/wp-content\/gallery\/ausstellung\/bild5.png\"\n               data-thumbnail=\"http:\/\/www.mertens-unna.de\/wp-content\/gallery\/ausstellung\/thumbs\/thumbs_bild5.png\"\n               data-image-id=\"11\"\n               data-title=\"bild5\"\n               data-description=\"\"\n               data-image-slug=\"bild5\"\n               class=\"ngg-fancybox\" rel=\"80c53c027d0979196b643d3232a88ce8\">\n                <img\n                    title=\"bild5\"\n                    alt=\"bild5\"\n                    src=\"http:\/\/www.mertens-unna.de\/wp-content\/gallery\/ausstellung\/thumbs\/thumbs_bild5.png\"\n                    width=\"300\"\n                    height=\"200\"\n                    style=\"max-width:100%;\"\n                \/>\n            <\/a>\n        <\/div>\n\t\t\t\t\t\t\t<\/div> \n\t\t\t\n        \n\t\t\t\t<div id=\"ngg-image-4\" class=\"ngg-gallery-thumbnail-box\" >\n\t\t\t\t        <div class=\"ngg-gallery-thumbnail\">\n            <a href=\"http:\/\/www.mertens-unna.de\/wp-content\/gallery\/ausstellung\/bild11.png\"\n               title=\"\"\n               data-src=\"http:\/\/www.mertens-unna.de\/wp-content\/gallery\/ausstellung\/bild11.png\"\n               data-thumbnail=\"http:\/\/www.mertens-unna.de\/wp-content\/gallery\/ausstellung\/thumbs\/thumbs_bild11.png\"\n               data-image-id=\"17\"\n               data-title=\"bild11\"\n               data-description=\"\"\n               data-image-slug=\"bild11\"\n               class=\"ngg-fancybox\" rel=\"80c53c027d0979196b643d3232a88ce8\">\n                <img\n                    title=\"bild11\"\n                    alt=\"bild11\"\n                    src=\"http:\/\/www.mertens-unna.de\/wp-content\/gallery\/ausstellung\/thumbs\/thumbs_bild11.png\"\n                    width=\"300\"\n                    height=\"200\"\n                    style=\"max-width:100%;\"\n                \/>\n            <\/a>\n        <\/div>\n\t\t\t\t\t\t\t<\/div> \n\t\t\t\n        \n\t\t\t\t<div id=\"ngg-image-5\" class=\"ngg-gallery-thumbnail-box\" >\n\t\t\t\t        <div class=\"ngg-gallery-thumbnail\">\n            <a href=\"http:\/\/www.mertens-unna.de\/wp-content\/gallery\/ausstellung\/bild14.png\"\n               title=\"\"\n               data-src=\"http:\/\/www.mertens-unna.de\/wp-content\/gallery\/ausstellung\/bild14.png\"\n               data-thumbnail=\"http:\/\/www.mertens-unna.de\/wp-content\/gallery\/ausstellung\/thumbs\/thumbs_bild14.png\"\n               data-image-id=\"20\"\n               data-title=\"bild14\"\n               data-description=\"\"\n               data-image-slug=\"bild14\"\n               class=\"ngg-fancybox\" rel=\"80c53c027d0979196b643d3232a88ce8\">\n                <img\n                    title=\"bild14\"\n                    alt=\"bild14\"\n                    src=\"http:\/\/www.mertens-unna.de\/wp-content\/gallery\/ausstellung\/thumbs\/thumbs_bild14.png\"\n                    width=\"300\"\n                    height=\"200\"\n                    style=\"max-width:100%;\"\n                \/>\n            <\/a>\n        <\/div>\n\t\t\t\t\t\t\t<\/div> \n\t\t\t\n        \n\t\t\t\t<div id=\"ngg-image-6\" class=\"ngg-gallery-thumbnail-box\" >\n\t\t\t\t        <div class=\"ngg-gallery-thumbnail\">\n            <a href=\"http:\/\/www.mertens-unna.de\/wp-content\/gallery\/ausstellung\/bild15.png\"\n               title=\"\"\n               data-src=\"http:\/\/www.mertens-unna.de\/wp-content\/gallery\/ausstellung\/bild15.png\"\n               data-thumbnail=\"http:\/\/www.mertens-unna.de\/wp-content\/gallery\/ausstellung\/thumbs\/thumbs_bild15.png\"\n               data-image-id=\"21\"\n               data-title=\"bild15\"\n               data-description=\"\"\n               data-image-slug=\"bild15\"\n               class=\"ngg-fancybox\" rel=\"80c53c027d0979196b643d3232a88ce8\">\n                <img\n                    title=\"bild15\"\n                    alt=\"bild15\"\n                    src=\"http:\/\/www.mertens-unna.de\/wp-content\/gallery\/ausstellung\/thumbs\/thumbs_bild15.png\"\n                    width=\"300\"\n                    height=\"200\"\n                    style=\"max-width:100%;\"\n                \/>\n            <\/a>\n        <\/div>\n\t\t\t\t\t\t\t<\/div> \n\t\t\t\n        \n\t\t\t\t<div id=\"ngg-image-7\" class=\"ngg-gallery-thumbnail-box\" >\n\t\t\t\t        <div class=\"ngg-gallery-thumbnail\">\n            <a href=\"http:\/\/www.mertens-unna.de\/wp-content\/gallery\/ausstellung\/bild16.png\"\n               title=\"\"\n               data-src=\"http:\/\/www.mertens-unna.de\/wp-content\/gallery\/ausstellung\/bild16.png\"\n               data-thumbnail=\"http:\/\/www.mertens-unna.de\/wp-content\/gallery\/ausstellung\/thumbs\/thumbs_bild16.png\"\n               data-image-id=\"22\"\n               data-title=\"bild16\"\n               data-description=\"\"\n               data-image-slug=\"bild16\"\n               class=\"ngg-fancybox\" rel=\"80c53c027d0979196b643d3232a88ce8\">\n                <img\n                    title=\"bild16\"\n                    alt=\"bild16\"\n                    src=\"http:\/\/www.mertens-unna.de\/wp-content\/gallery\/ausstellung\/thumbs\/thumbs_bild16.png\"\n                    width=\"300\"\n                    height=\"200\"\n                    style=\"max-width:100%;\"\n                \/>\n            <\/a>\n        <\/div>\n\t\t\t\t\t\t\t<\/div> \n\t\t\t\n        \n\t\t\t\t<div id=\"ngg-image-8\" class=\"ngg-gallery-thumbnail-box\" >\n\t\t\t\t        <div class=\"ngg-gallery-thumbnail\">\n            <a href=\"http:\/\/www.mertens-unna.de\/wp-content\/gallery\/ausstellung\/bild17.png\"\n               title=\"\"\n               data-src=\"http:\/\/www.mertens-unna.de\/wp-content\/gallery\/ausstellung\/bild17.png\"\n               data-thumbnail=\"http:\/\/www.mertens-unna.de\/wp-content\/gallery\/ausstellung\/thumbs\/thumbs_bild17.png\"\n               data-image-id=\"23\"\n               data-title=\"bild17\"\n               data-description=\"\"\n               data-image-slug=\"bild17\"\n               class=\"ngg-fancybox\" rel=\"80c53c027d0979196b643d3232a88ce8\">\n                <img\n                    title=\"bild17\"\n                    alt=\"bild17\"\n                    src=\"http:\/\/www.mertens-unna.de\/wp-content\/gallery\/ausstellung\/thumbs\/thumbs_bild17.png\"\n                    width=\"300\"\n                    height=\"200\"\n                    style=\"max-width:100%;\"\n                \/>\n            <\/a>\n        <\/div>\n\t\t\t\t\t\t\t<\/div> \n\t\t\t\n        \n\t\t\t\t<div id=\"ngg-image-9\" class=\"ngg-gallery-thumbnail-box\" >\n\t\t\t\t        <div class=\"ngg-gallery-thumbnail\">\n            <a href=\"http:\/\/www.mertens-unna.de\/wp-content\/gallery\/ausstellung\/bild18.png\"\n               title=\"\"\n               data-src=\"http:\/\/www.mertens-unna.de\/wp-content\/gallery\/ausstellung\/bild18.png\"\n               data-thumbnail=\"http:\/\/www.mertens-unna.de\/wp-content\/gallery\/ausstellung\/thumbs\/thumbs_bild18.png\"\n               data-image-id=\"24\"\n               data-title=\"bild18\"\n               data-description=\"\"\n               data-image-slug=\"bild18\"\n               class=\"ngg-fancybox\" rel=\"80c53c027d0979196b643d3232a88ce8\">\n                <img\n                    title=\"bild18\"\n                    alt=\"bild18\"\n                    src=\"http:\/\/www.mertens-unna.de\/wp-content\/gallery\/ausstellung\/thumbs\/thumbs_bild18.png\"\n                    width=\"300\"\n                    height=\"200\"\n                    style=\"max-width:100%;\"\n                \/>\n            <\/a>\n        <\/div>\n\t\t\t\t\t\t\t<\/div> \n\t\t\t\n        \n\t\t\t\t<div id=\"ngg-image-10\" class=\"ngg-gallery-thumbnail-box\" >\n\t\t\t\t        <div class=\"ngg-gallery-thumbnail\">\n            <a href=\"http:\/\/www.mertens-unna.de\/wp-content\/gallery\/ausstellung\/bild19.png\"\n               title=\"\"\n               data-src=\"http:\/\/www.mertens-unna.de\/wp-content\/gallery\/ausstellung\/bild19.png\"\n               data-thumbnail=\"http:\/\/www.mertens-unna.de\/wp-content\/gallery\/ausstellung\/thumbs\/thumbs_bild19.png\"\n               data-image-id=\"25\"\n               data-title=\"bild19\"\n               data-description=\"\"\n               data-image-slug=\"bild19\"\n               class=\"ngg-fancybox\" rel=\"80c53c027d0979196b643d3232a88ce8\">\n                <img\n                    title=\"bild19\"\n                    alt=\"bild19\"\n                    src=\"http:\/\/www.mertens-unna.de\/wp-content\/gallery\/ausstellung\/thumbs\/thumbs_bild19.png\"\n                    width=\"300\"\n                    height=\"200\"\n                    style=\"max-width:100%;\"\n                \/>\n            <\/a>\n        <\/div>\n\t\t\t\t\t\t\t<\/div> \n\t\t\t\n        \n\t\t\t\t<div id=\"ngg-image-11\" class=\"ngg-gallery-thumbnail-box\" >\n\t\t\t\t        <div class=\"ngg-gallery-thumbnail\">\n            <a href=\"http:\/\/www.mertens-unna.de\/wp-content\/gallery\/ausstellung\/bild20.png\"\n               title=\"\"\n               data-src=\"http:\/\/www.mertens-unna.de\/wp-content\/gallery\/ausstellung\/bild20.png\"\n               data-thumbnail=\"http:\/\/www.mertens-unna.de\/wp-content\/gallery\/ausstellung\/thumbs\/thumbs_bild20.png\"\n               data-image-id=\"26\"\n               data-title=\"bild20\"\n               data-description=\"\"\n               data-image-slug=\"bild20\"\n               class=\"ngg-fancybox\" rel=\"80c53c027d0979196b643d3232a88ce8\">\n                <img\n                    title=\"bild20\"\n                    alt=\"bild20\"\n                    src=\"http:\/\/www.mertens-unna.de\/wp-content\/gallery\/ausstellung\/thumbs\/thumbs_bild20.png\"\n                    width=\"300\"\n                    height=\"200\"\n                    style=\"max-width:100%;\"\n                \/>\n            <\/a>\n        <\/div>\n\t\t\t\t\t\t\t<\/div> \n\t\t\t\n        \n\t\t\n\t\t<!-- Pagination -->\n\t<div class='ngg-clear'><\/div>\t<\/div>\n<\/strong><\/p>\n","protected":false},"excerpt":{"rendered":"<p>Besuchen Sie unsere&nbsp;moderne und gro\u00dfz\u00fcgig gestaltete Ausstellung! Unsere Ausstellungsfl\u00e4che bietet auf einer Fl\u00e4che von ca. 200 qm eine gro\u00dfe Auswahl an neuesten Produkten und hochwertigen Materialien rund ums Bauen, Renovieren und Modernisieren. Wir pr\u00e4sentieren L\u00f6sungen und zeigen Inspirationen aus den verschiedenen Bereichen unseres Leistungsspektrums. Unsere Mitarbeiter informieren Sie gerne \u00fcber unser umfangreiches Angebot und beraten&#8230;<\/p>\n","protected":false},"author":1,"featured_media":846,"parent":0,"menu_order":3,"comment_status":"closed","ping_status":"closed","template":"","meta":[],"_links":{"self":[{"href":"http:\/\/www.mertens-unna.de\/index.php?rest_route=\/wp\/v2\/pages\/15"}],"collection":[{"href":"http:\/\/www.mertens-unna.de\/index.php?rest_route=\/wp\/v2\/pages"}],"about":[{"href":"http:\/\/www.mertens-unna.de\/index.php?rest_route=\/wp\/v2\/types\/page"}],"author":[{"embeddable":true,"href":"http:\/\/www.mertens-unna.de\/index.php?rest_route=\/wp\/v2\/users\/1"}],"replies":[{"embeddable":true,"href":"http:\/\/www.mertens-unna.de\/index.php?rest_route=%2Fwp%2Fv2%2Fcomments&post=15"}],"version-history":[{"count":13,"href":"http:\/\/www.mertens-unna.de\/index.php?rest_route=\/wp\/v2\/pages\/15\/revisions"}],"predecessor-version":[{"id":1071,"href":"http:\/\/www.mertens-unna.de\/index.php?rest_route=\/wp\/v2\/pages\/15\/revisions\/1071"}],"wp:featuredmedia":[{"embeddable":true,"href":"http:\/\/www.mertens-unna.de\/index.php?rest_route=\/wp\/v2\/media\/846"}],"wp:attachment":[{"href":"http:\/\/www.mertens-unna.de\/index.php?rest_route=%2Fwp%2Fv2%2Fmedia&parent=15"}],"curies":[{"name":"wp","href":"https:\/\/api.w.org\/{rel}","templated":true}]}}