{"id":18,"date":"2014-01-28T21:03:45","date_gmt":"2014-01-28T19:03:45","guid":{"rendered":"http:\/\/www.mertens-unna.de\/?page_id=18"},"modified":"2025-03-05T10:21:26","modified_gmt":"2025-03-05T08:21:26","slug":"service","status":"publish","type":"page","link":"http:\/\/www.mertens-unna.de\/?page_id=18","title":{"rendered":"Service"},"content":{"rendered":"<h3><span style=\"color: #000000;\">Unsere Serviceleistungen auf einen Blick<\/span><\/h3>\n<hr>\n<h3><strong>&nbsp;<\/strong><img decoding=\"async\" loading=\"lazy\" class=\"alignright wp-image-557\" src=\"http:\/\/www.mertens-unna.de\/wp-content\/uploads\/2016\/06\/Service.jpg\" alt=\"Unser Service f\u00fcr Sie\" width=\"350\" height=\"233\" srcset=\"http:\/\/www.mertens-unna.de\/wp-content\/uploads\/2016\/06\/Service.jpg 1689w, http:\/\/www.mertens-unna.de\/wp-content\/uploads\/2016\/06\/Service-300x200.jpg 300w, http:\/\/www.mertens-unna.de\/wp-content\/uploads\/2016\/06\/Service-768x512.jpg 768w, http:\/\/www.mertens-unna.de\/wp-content\/uploads\/2016\/06\/Service-1024x682.jpg 1024w, http:\/\/www.mertens-unna.de\/wp-content\/uploads\/2016\/06\/Service-250x167.jpg 250w\" sizes=\"(max-width: 350px) 100vw, 350px\" \/><\/h3>\n<h4><span style=\"color: #000000;\">Service ist &#8230; dauerhafte und gleichbleibende Qualit\u00e4t, kundenorientiertes Arbeiten mit einem freundlichen und kompetenten Team.<\/span><\/h4>\n<p>&nbsp;<\/p>\n<p>&nbsp;<\/p>\n<p>&nbsp;<\/p>\n<p>&nbsp;<\/p>\n<h4><span style=\"color: #000000;\"><span style=\"color: #ffcc00;\">\u2022<\/span> Fach- und Bauberatung mit Objektbegehung<\/span><\/h4>\n<hr>\n<p><span style=\"color: #000000;\">Der Kunde steht mit seinen W\u00fcnschen bei uns im Mittelpunkt, daher legen wir besonders viel Wert auf eine kompetente und fachgerechte Beratung in allen Bereichen unseres Leistungsspektrums! Wir beraten Sie gerne auch zu Hause oder auf der Baustelle und nehmen Aufma\u00df Vorort.&nbsp;<\/span><span style=\"color: #000000;\">Ganz egal ob Sanierung, Renovierung oder Modernisierung \u2013 Wir beraten Sie gerne!<\/span><\/p>\n<p>&nbsp;<\/p>\n<h4><span style=\"color: #000000;\"><span style=\"color: #ffcc00;\">\u2022<\/span> <\/span><span style=\"color: #000000;\">Badplanung<\/span><\/h4>\n<hr>\n<p><span style=\"color: #000000;\">Gemeinsam mit Ihnen planen wir Ihr Bad ganz individuell nach Ihren Vorstellungen. Wir verf\u00fcgen nicht nur \u00fcber eine gro\u00dfz\u00fcgige Ausstellung, sondern visualisieren mit Ihnen und unserem Badplanungsprogramm <em>ViSoft <\/em>auch Ihr zuk\u00fcnftiges Bad vorab am Bildschirm. Somit begleiten wir Sie von der Planung bis zur Umsetzung.<\/span><\/p>\n<p>&nbsp;<\/p>\n<h4><span style=\"color: #000000;\"><span style=\"color: #ffcc00;\">\u2022<\/span>&nbsp;U<\/span><span style=\"color: #000000;\">mfangreicher Ausstellungsbereich<\/span><\/h4>\n<hr>\n<p><span style=\"color: #000000;\">Unseren Kunden bei Bedarf direkt L\u00f6sungen, Muster und Ausstellungsst\u00fccke pr\u00e4sentieren und anbieten zu k\u00f6nnen, um Ihr Bauvorhaben anschaulicher zu machen, geh\u00f6rt ebenfalls zu unserem Aufgabengebiet. Besuchen Sie uns einfach und wir f\u00fchren Sie gerne durch unsere Ausstellungsbereiche f\u00fcr Fliesen, Au\u00dfenanlagen oder Bauelemente.<\/span><\/p>\n<p>&nbsp;<\/p>\n<h4><span style=\"color: #000000;\"><span style=\"color: #ffcc00;\">\u2022<\/span>&nbsp;<\/span><span style=\"color: #000000;\">Handwerkervermittlung<\/span><\/h4>\n<hr>\n<p><span style=\"color: #000000;\">F\u00fcr die Umsetzung Ihrer individuellen W\u00fcnsche arbeiten wir seit langer Zeit mit empfehlenswerten Fachbetrieben jeglicher Art zusammen. Vom qualifizierten Fliesenleger bis hin zum fachkompetenten Garten- und Landschaftsbauer &#8211; Bei uns bekommen Sie alles aus einer Hand!<\/span><\/p>\n<p>&nbsp;<\/p>\n<h4><span style=\"color: #000000;\"><span style=\"color: #ffcc00;\">\u2022<\/span>&nbsp;<\/span><span style=\"color: #000000;\">Drive-In-Service<\/span><\/h4>\n<hr>\n<p><span style=\"color: #000000;\">Nach der Zahlung erhalten Sie Ihren Lieferschein und k\u00f6nnen damit bequem bis zum Lagerort fahren und Ihre Ware abholen. Bei Fragen steht Ihnen dort unser Lager-Fach-Personal mit Rat und Tat zur Seite.<\/span><\/p>\n<p>&nbsp;<\/p>\n<h4><span style=\"color: #000000;\"><span style=\"color: #ffcc00;\">\u2022<\/span>&nbsp;<\/span><span style=\"color: #000000;\">Lieferservice<\/span><\/h4>\n<hr>\n<p><span style=\"color: #000000;\">Baumaterialien gr\u00f6\u00dferer Art liefern wir Ihnen mit unserem modernen Fuhrpark und Kranfahrzeugen nach Hause bzw. direkt zur Baustelle. Auf diese Weise sparen sie Zeit und s\u00e4mtliche M\u00fchen des logistischen Aufwands!<\/span><\/p>\n<p>&nbsp;<\/p>\n<h4><span style=\"color: #000000;\"><span style=\"color: #ffcc00;\">\u2022<\/span>&nbsp;<\/span><span style=\"color: #000000;\">Bestell- und&nbsp;Kommissionierungsservice<\/span><\/h4>\n<hr>\n<p><span style=\"color: #000000;\">Teilen Sie uns Ihre ben\u00f6tigte Ware telefonisch mit, wir schreiben vorab den Lieferschein und packen f\u00fcr Sie vor. Auf diese Weise k\u00f6nnen Sie Ihre Ware direkt nach Ihrer Ankunft verladen und sparen somit wertvolle Zeit.<\/span><\/p>\n<p>&nbsp;<\/p>\n<h4><span style=\"color: #000000;\"><span style=\"color: #ffcc00;\">\u2022<\/span>&nbsp;<\/span><span style=\"color: #000000;\">R\u00fccknahme von Lagerware<\/span><\/h4>\n<hr>\n<p><span style=\"color: #000000;\">Sollten Sie einmal weniger Ware ben\u00f6tigen als Sie gekauft haben, nehmen wir die \u00fcbersch\u00fcssige Ware auch wieder zur\u00fcck. Allerdings muss diese dann Originalverpackt sein und sich im unbesch\u00e4digten Zustand befinden.<\/span><\/p>\n<p>&nbsp;<\/p>\n<h4><span style=\"color: #000000;\"><span style=\"color: #ffcc00;\">\u2022<\/span>&nbsp;<\/span><span style=\"color: #000000;\">Zahlungsarten<\/span><\/h4>\n<hr>\n<p><span style=\"color: #000000;\">Zahlen k\u00f6nnen Sie Bar oder per EC-Cash.&nbsp;Sobald Sie bei uns \u00fcber ein Kundenkonto verf\u00fcgen, k\u00f6nnen Sie Ihre Ware auch auf Rechnung kaufen.<\/span><\/p>\n<p>&nbsp;<\/p>\n<h4><span style=\"color: #000000;\"><span style=\"color: #ffcc00;\">\u2022<\/span>&nbsp;<\/span><span style=\"color: #000000;\">Geschenkgutscheine<\/span><\/h4>\n<hr>\n<p><span style=\"color: #000000;\">Sollten Ihnen einmal die Geschenkideen ausgehen, haben wir mit unseren Geschenkgutscheinen f\u00fcr Hausherren\/ Hausherrinnen, Bastler\/innen, Hobbyg\u00e4rtner\/innen oder Heimerker\/innen bestimmt genau das Richtige.<\/span><\/p>\n","protected":false},"excerpt":{"rendered":"<p>Unsere Serviceleistungen auf einen Blick &nbsp; Service ist &#8230; dauerhafte und gleichbleibende Qualit\u00e4t, kundenorientiertes Arbeiten mit einem freundlichen und kompetenten Team. &nbsp; &nbsp; &nbsp; &nbsp; \u2022 Fach- und Bauberatung mit Objektbegehung Der Kunde steht mit seinen W\u00fcnschen bei uns im Mittelpunkt, daher legen wir besonders viel Wert auf eine kompetente und fachgerechte Beratung in allen&#8230;<\/p>\n","protected":false},"author":1,"featured_media":847,"parent":0,"menu_order":4,"comment_status":"closed","ping_status":"closed","template":"","meta":[],"_links":{"self":[{"href":"http:\/\/www.mertens-unna.de\/index.php?rest_route=\/wp\/v2\/pages\/18"}],"collection":[{"href":"http:\/\/www.mertens-unna.de\/index.php?rest_route=\/wp\/v2\/pages"}],"about":[{"href":"http:\/\/www.mertens-unna.de\/index.php?rest_route=\/wp\/v2\/types\/page"}],"author":[{"embeddable":true,"href":"http:\/\/www.mertens-unna.de\/index.php?rest_route=\/wp\/v2\/users\/1"}],"replies":[{"embeddable":true,"href":"http:\/\/www.mertens-unna.de\/index.php?rest_route=%2Fwp%2Fv2%2Fcomments&post=18"}],"version-history":[{"count":37,"href":"http:\/\/www.mertens-unna.de\/index.php?rest_route=\/wp\/v2\/pages\/18\/revisions"}],"predecessor-version":[{"id":1074,"href":"http:\/\/www.mertens-unna.de\/index.php?rest_route=\/wp\/v2\/pages\/18\/revisions\/1074"}],"wp:featuredmedia":[{"embeddable":true,"href":"http:\/\/www.mertens-unna.de\/index.php?rest_route=\/wp\/v2\/media\/847"}],"wp:attachment":[{"href":"http:\/\/www.mertens-unna.de\/index.php?rest_route=%2Fwp%2Fv2%2Fmedia&parent=18"}],"curies":[{"name":"wp","href":"https:\/\/api.w.org\/{rel}","templated":true}]}}