{"id":35,"date":"2014-01-28T21:05:44","date_gmt":"2014-01-28T19:05:44","guid":{"rendered":"http:\/\/www.mertens-unna.de\/?page_id=35"},"modified":"2025-03-04T16:43:10","modified_gmt":"2025-03-04T14:43:10","slug":"impressum","status":"publish","type":"page","link":"http:\/\/www.mertens-unna.de\/?page_id=35","title":{"rendered":"Impressum"},"content":{"rendered":"<h3><span style=\"color: #000000;\">Anbieterkennzeichnung gem\u00e4\u00df \u00a7 5 TMG<\/span><\/h3>\n<hr \/>\n<p><span style=\"color: #000000;\">Mertens\u00a0Baustoffe GmbH &amp; Co. KG<\/span><br \/>\n<span style=\"color: #000000;\"> Hertingerstra\u00dfe 65<\/span><br \/>\n<span style=\"color: #000000;\"> 59423 Unna<\/span><\/p>\n<p><span style=\"color: #000000;\">Telefon (0 23 03)\u00a09 86 93-0<\/span><br \/>\n<span style=\"color: #000000;\"> Telefax\u00a0(0 23 03)\u00a098 69 3-9<\/span><br \/>\n<span style=\"color: #000000;\"> E-Mail: <a style=\"color: #000000;\" href=\"mailto:info@mertens-unna.de\">info@mertens-unna.de<\/a><\/span><br \/>\n<span style=\"color: #000000;\"> www.mertens-unna.de<\/span><\/p>\n<p><span style=\"color: #000000;\">Gesch\u00e4ftsf\u00fchrer: Christopher Mertens<\/span><br \/>\n<span style=\"color: #000000;\"> Sitz der Gesellschaft: Unna<\/span><br \/>\n<span style=\"color: #000000;\"> Zust\u00e4ndiges Registergericht: Amtsgericht Hamm<\/span><br \/>\n<span style=\"color: #000000;\"> Handelsregisternummer: A2198<\/span><\/p>\n<p><span style=\"color: #000000;\">USt-IdNr. DE124898671<\/span><\/p>\n<p><span style=\"color: #000000;\">pers. haftende Gesellschafterin:<\/span><br \/>\n<span style=\"color: #000000;\"> Mertens Baustoffe Verwaltungs GmbH<\/span><br \/>\n<span style=\"color: #000000;\"> Hertingerstra\u00dfe 65<\/span><br \/>\n<span style=\"color: #000000;\"> 59423 Unna<\/span><\/p>\n<p><span style=\"color: #000000;\">vertretungsberechtigter Gesch\u00e4ftsf\u00fchrer: Peter Mertens<\/span><br \/>\n<span style=\"color: #000000;\"> Sitz der Gesellschaft: Unna<br \/>\nZust\u00e4ndiges Registergericht: Amtsgericht Hamm<br \/>\nHandelsregisternummer: B3256<\/span><\/p>\n<p><span style=\"color: #000000;\">Inhaltlich Verantwortlich gem\u00e4\u00df \u00a7 55 Abs. 2 RStV:<\/span><br \/>\n<span style=\"color: #000000;\"> Peter Mertens, Hertingerstra\u00dfe 65, 59423 Unna<\/span><\/p>\n<p><span style=\"color: #000000;\">Quellenangaben f\u00fcr die verwendeten Bilder und Grafiken:<\/span><br \/>\n<span style=\"color: #000000;\"> <span class=\"grundschrift\">Fotolia\u00a0\u00a9 <\/span><span class=\"grundschrift\">Gina Sanders<\/span><\/span><\/p>\n<p><span style=\"color: #000000;\">Hinweis zur Verbraucherstreitlegung:<br \/>\nDie Mertens Baustoffe GmbH &amp; Co. KG ist zurzeit nicht verpflichtet und nicht bereit an Streitbeilegungsverfahren vor einer Verbraucherschlichtungsstelle teilzunehmen.<br \/>\n<\/span><br \/>\n<span style=\"color: #000000;\"> Dieses\u00a0Impressum gilt auch f\u00fcr unsere Social Media Profile.<\/span><\/p>\n<h3><span style=\"color: #000000;\">Haftungsausschlu\u00df<\/span><\/h3>\n<hr \/>\n<p><span style=\"color: #000000;\"><strong>Haftung f\u00fcr Inhalte<\/strong><br \/>\n<\/span><span style=\"color: #000000;\">Die Angaben und Informationen auf dieser Internetpr\u00e4senz erfolgen zu allgemeinen Informationszwecken. Sie wurden mit gr\u00f6\u00dfter Sorgfalt zusammengestellt und gepr\u00fcft. Trotzdem kann keine Gew\u00e4hr &#8211; weder ausdr\u00fccklich noch stillschweigend &#8211; f\u00fcr die Vollst\u00e4ndigkeit, Fehlerfreiheit, Aktualit\u00e4t oder Qualit\u00e4t und jederzeitige Verf\u00fcgbarkeit der bereit gestellten Informationen \u00fcbernommen werden.<\/span><\/p>\n<p><span style=\"color: #000000;\">Alle Angebote sind freibleibend und unverbindlich. Die Mertens Baustoffe GmbH beh\u00e4lt sich ausdr\u00fccklich vor, Teile der Website oder das gesamte Angebot ohne gesonderte Ank\u00fcndigung zu ver\u00e4ndern, zu erg\u00e4nzen, zu l\u00f6schen oder die Ver\u00f6ffentlichung zeitweise oder endg\u00fcltig einzustellen.<\/span><\/p>\n<p><span style=\"color: #000000;\">Als Diensteanbieter sind wir gem\u00e4\u00df \u00a7 7 Abs.1 TMG (Telemediengesetz) f\u00fcr eigene Inhalte auf diesen Seiten nach den allgemeinen Gesetzen verantwortlich. Diensteanbieter sind jedoch gem\u00e4\u00df \u00a7\u00a7 8 bis 10 TMG nicht verpflichtet, die von ihnen \u00fcbermittelten oder gespeicherten fremden Informationen zu \u00fcberwachen oder nach Umst\u00e4nden zu forschen, die auf eine rechtswidrige T\u00e4tigkeit hinweisen. Verpflichtungen zur Entfernung oder Sperrung der Nutzung von Informationen nach den allgemeinen Gesetzen bleiben hiervon unber\u00fchrt. Eine diesbez\u00fcgliche Haftung ist jedoch erst ab dem Zeitpunkt der Kenntnis einer konkreten Rechtsverletzung m\u00f6glich. Bei bekannt werden von entsprechenden Rechtsverletzungen werden wir diese Inhalte umgehend entfernen.<\/span><\/p>\n<p><strong><span style=\"color: #000000;\">Haftung f\u00fcr Links<\/span><\/strong><br \/>\n<span style=\"color: #000000;\"> Unser Angebot enth\u00e4lt Links zu externen Webseiten Dritter, auf deren Inhalte wir keinen Einfluss haben. Deshalb k\u00f6nnen wir f\u00fcr diese fremden Inhalte auch keine Gew\u00e4hr \u00fcbernehmen. F\u00fcr die Inhalte der verlinkten Seiten ist stets der jeweilige Anbieter oder Betreiber der Seiten verantwortlich. Die verlinkten Seiten wurden zum Zeitpunkt der Verlinkung auf m\u00f6gliche Rechtsverst\u00f6\u00dfe \u00fcberpr\u00fcft. Rechtswidrige Inhalte waren zum Zeitpunkt der Verlinkung nicht erkennbar. Eine permanente inhaltliche Kontrolle der verlinkten Seiten ist jedoch ohne konkrete Anhaltspunkte einer Rechtsverletzung nicht zumutbar. Bei bekannt werden von Rechtsverletzungen werden wir derartige Links umgehend entfernen.<\/span><\/p>\n<p><strong><span style=\"color: #000000;\">Urheberrecht<\/span><\/strong><br \/>\n<span style=\"color: #000000;\"> Die Betreiber der Seiten sind bem\u00fcht, stets die Urheberrechte anderer zu beachten bzw. auf selbst erstellte sowie lizenzfreie Werke zur\u00fcckzugreifen. Die durch die Seitenbetreiber erstellten Inhalte und Werke auf diesen Seiten unterliegen dem deutschen Urheberrecht. Beitr\u00e4ge Dritter sind als solche gekennzeichnet. Die Vervielf\u00e4ltigung, Bearbeitung, Verbreitung und jede Art der Verwertung au\u00dferhalb der Grenzen des Urheberrechtes bed\u00fcrfen der schriftlichen Zustimmung des jeweiligen Autors bzw. Erstellers. Downloads und Kopien dieser Seite sind nicht gestattet.<\/span><\/p>\n<p><strong><span style=\"color: #000000;\">Datenschutz<\/span><\/strong><br \/>\n<span style=\"color: #000000;\"> Soweit auf unseren Seiten personenbezogene Daten (beispielsweise Name, Anschrift oder eMail-Adressen) erhoben werden, erfolgt dies soweit m\u00f6glich stets auf freiwilliger Basis. Die Nutzung der Angebote und Dienste ist, soweit m\u00f6glich, stets ohne Angabe personenbezogener Daten m\u00f6glich. Auf unseren Webseiten befinden sich Links zu fremden Webseiten, auf denen beispielsweise Cookies verwendet werden k\u00f6nnen. Hierauf haben wir keinen Einfluss und k\u00f6nnen Sie vorher darauf nicht hinweisen. Diese Datenschutzerkl\u00e4rung gilt ausschlie\u00dflich f\u00fcr unsere Webseite www.mertens-unna.de. Die von dieser Seite aus verlinkten Webseiten sind hiervon nicht umfasst. Wir \u00fcbernehmen keine Verantwortung f\u00fcr die Datenschutzkonformit\u00e4t fremder Webseiten, auf die verwiesen wird.<\/span><\/p>\n<p><strong><span style=\"color: #000000;\">Sicherheitshinweis<\/span><\/strong><br \/>\n<span style=\"color: #000000;\"> Wir sind stets darum bem\u00fcht, durch Ergreifen aller technischen und organisatorischen M\u00f6glichkeiten Ihre Daten so zu speichern, dass sie Dritten nicht zug\u00e4nglich sind. Sollten Sie per eMail mit uns in Kontakt treten, so kann die vollst\u00e4ndige Datensicherheit nicht gew\u00e4hrleistet werden. F\u00fcr die \u00dcbermittlung vertraulicher Informationen empfehlen wir Ihnen, ausschlie\u00dflich den Postweg zu w\u00e4hlen.<\/span><\/p>\n<p><span style=\"color: #000000;\">Der Nutzung von im Rahmen der Impressumspflicht ver\u00f6ffentlichten Kontaktdaten durch Dritte zur \u00dcbersendung von nicht ausdr\u00fccklich angeforderter Werbung und Informationsmaterialien wird hiermit ausdr\u00fccklich widersprochen. Die Betreiber der Seiten behalten sich ausdr\u00fccklich rechtliche Schritte im Falle der unverlangten Zusendungvon Werbeinformationen, etwa durch Spam-Mails, vor.<\/span><\/p>\n","protected":false},"excerpt":{"rendered":"<p>Anbieterkennzeichnung gem\u00e4\u00df \u00a7 5 TMG Mertens\u00a0Baustoffe GmbH &amp; Co. KG Hertingerstra\u00dfe 65 59423 Unna Telefon (0 23 03)\u00a09 86 93-0 Telefax\u00a0(0 23 03)\u00a098 69 3-9 E-Mail: info@mertens-unna.de www.mertens-unna.de Gesch\u00e4ftsf\u00fchrer: Christopher Mertens Sitz der Gesellschaft: Unna Zust\u00e4ndiges Registergericht: Amtsgericht Hamm Handelsregisternummer: A2198 USt-IdNr. DE124898671 pers. haftende Gesellschafterin: Mertens Baustoffe Verwaltungs GmbH Hertingerstra\u00dfe 65 59423 Unna vertretungsberechtigter&#8230;<\/p>\n","protected":false},"author":1,"featured_media":0,"parent":0,"menu_order":10,"comment_status":"closed","ping_status":"closed","template":"","meta":[],"_links":{"self":[{"href":"http:\/\/www.mertens-unna.de\/index.php?rest_route=\/wp\/v2\/pages\/35"}],"collection":[{"href":"http:\/\/www.mertens-unna.de\/index.php?rest_route=\/wp\/v2\/pages"}],"about":[{"href":"http:\/\/www.mertens-unna.de\/index.php?rest_route=\/wp\/v2\/types\/page"}],"author":[{"embeddable":true,"href":"http:\/\/www.mertens-unna.de\/index.php?rest_route=\/wp\/v2\/users\/1"}],"replies":[{"embeddable":true,"href":"http:\/\/www.mertens-unna.de\/index.php?rest_route=%2Fwp%2Fv2%2Fcomments&post=35"}],"version-history":[{"count":9,"href":"http:\/\/www.mertens-unna.de\/index.php?rest_route=\/wp\/v2\/pages\/35\/revisions"}],"predecessor-version":[{"id":1097,"href":"http:\/\/www.mertens-unna.de\/index.php?rest_route=\/wp\/v2\/pages\/35\/revisions\/1097"}],"wp:attachment":[{"href":"http:\/\/www.mertens-unna.de\/index.php?rest_route=%2Fwp%2Fv2%2Fmedia&parent=35"}],"curies":[{"name":"wp","href":"https:\/\/api.w.org\/{rel}","templated":true}]}}