{"id":47,"date":"2014-01-28T21:06:45","date_gmt":"2014-01-28T19:06:45","guid":{"rendered":"http:\/\/www.mertens-unna.de\/?page_id=47"},"modified":"2018-10-26T13:39:09","modified_gmt":"2018-10-26T11:39:09","slug":"fertigbaustoffe","status":"publish","type":"page","link":"http:\/\/www.mertens-unna.de\/?page_id=47","title":{"rendered":"Fertigbaustoffe\/ Bauchemie"},"content":{"rendered":"<h1 style=\"text-align: left;\"><strong><span style=\"color: #ffcc00;\">Gut gebaut mit&#8230; Mertens Baustoffe<\/span><\/strong><\/h1>\n<h3><span style=\"color: #000000;\">Leistungsumgang:&nbsp;<\/span><span style=\"color: #000000;\">Fertigbaustoffe\/Bauchemie<\/span><\/h3>\n<hr>\n<h3><span style=\"color: #000000;\"><img decoding=\"async\" loading=\"lazy\" class=\"alignright wp-image-554\" src=\"http:\/\/www.mertens-unna.de\/wp-content\/uploads\/2016\/06\/Fertigbaustoffe.jpg\" width=\"350\" height=\"233\" srcset=\"http:\/\/www.mertens-unna.de\/wp-content\/uploads\/2016\/06\/Fertigbaustoffe.jpg 1688w, http:\/\/www.mertens-unna.de\/wp-content\/uploads\/2016\/06\/Fertigbaustoffe-300x200.jpg 300w, http:\/\/www.mertens-unna.de\/wp-content\/uploads\/2016\/06\/Fertigbaustoffe-768x512.jpg 768w, http:\/\/www.mertens-unna.de\/wp-content\/uploads\/2016\/06\/Fertigbaustoffe-1024x682.jpg 1024w, http:\/\/www.mertens-unna.de\/wp-content\/uploads\/2016\/06\/Fertigbaustoffe-250x167.jpg 250w\" sizes=\"(max-width: 350px) 100vw, 350px\" \/><\/span><\/h3>\n<p><span style=\"color: #000000;\">Bei den Fertigbaustoffen und der Bauchemie erstreckt sich unser Produktportfolio von Innen-&nbsp;<\/span><span style=\"color: #000000;\">und Au\u00dfenputze \u00fcber diverse M\u00f6rtel, Fertigbeton und Estrich sowie Fliesenkleber und Dickbeschichtungen bis hin zu bauchemischen Zuschlagstoffe und Bausilikonen.<\/span><\/p>\n<p><span style=\"color: #000000;\">Spezielle Fertigbaustoffe werden gerne auf Wunsch f\u00fcr Sie bestellt!<\/span><\/p>\n<p>&nbsp;<\/p>\n<p>&nbsp;<\/p>\n<p>&nbsp;<\/p>\n<h3><span style=\"color: #000000;\">Ihre Fachberaterin:&nbsp;Fertigbaustoffe\/Bauchemie<\/span><\/h3>\n<hr>\n<h4><span style=\"color: #000000;\"><img decoding=\"async\" loading=\"lazy\" class=\"alignleft wp-image-688 size-thumbnail\" src=\"http:\/\/www.mertens-unna.de\/wp-content\/uploads\/2016\/08\/0018-150x150.jpg\" width=\"150\" height=\"150\">Anja Hillebrand<\/span><\/h4>\n<p><span style=\"color: #000000;\">Telefon (0 23 03)&nbsp;9 86 93-4<\/span><br \/>\n<span style=\"color: #000000;\"> E-Mail: <a href=\"mailto:hillebrand@mertens-unna.de\">hillebrand@mertens-unna.de<\/a><\/span><\/p>\n<p>&nbsp;<\/p>\n<p>&nbsp;<\/p>\n<p>&nbsp;<\/p>\n<h3><span style=\"color: #000000;\">Wir arbeiten mit nachstehenden Herstellern zusammen<\/span><\/h3>\n<hr>\n<p><span style=\"color: #000000;\">Sopro Bauchemie GmbH<\/span><br \/>\n<span style=\"color: #ffcc00;\"> <a style=\"color: #ffcc00;\" href=\"http:\/\/www.sopro.com\/\" target=\"_blank\">www.sopro.com<\/a><\/span><\/p>\n<p><span style=\"color: #000000;\">SAKRET Trockenbaustoffe Europa GmbH &amp; Co. KG<\/span><br \/>\n<span style=\"color: #ffcc00;\"> <a style=\"color: #ffcc00;\" href=\"http:\/\/www.sakret.de\/\" target=\"_blank\">www.sakret.de<\/a><\/span><\/p>\n<p><span style=\"color: #000000;\">quick-mix Gruppe GmbH &amp; Co. KG<\/span><br \/>\n<span style=\"color: #ffcc00;\"> <a style=\"color: #ffcc00;\" href=\"https:\/\/www.quick-mix.de\/de\/home.html\" target=\"_blank\">www.quick-mix.de<\/a><\/span><\/p>\n","protected":false},"excerpt":{"rendered":"<p>Gut gebaut mit&#8230; Mertens Baustoffe Leistungsumgang:&nbsp;Fertigbaustoffe\/Bauchemie Bei den Fertigbaustoffen und der Bauchemie erstreckt sich unser Produktportfolio von Innen-&nbsp;und Au\u00dfenputze \u00fcber diverse M\u00f6rtel, Fertigbeton und Estrich sowie Fliesenkleber und Dickbeschichtungen bis hin zu bauchemischen Zuschlagstoffe und Bausilikonen. Spezielle Fertigbaustoffe werden gerne auf Wunsch f\u00fcr Sie bestellt! &nbsp; &nbsp; &nbsp; Ihre Fachberaterin:&nbsp;Fertigbaustoffe\/Bauchemie Anja Hillebrand Telefon (0 23&#8230;<\/p>\n","protected":false},"author":1,"featured_media":0,"parent":0,"menu_order":14,"comment_status":"closed","ping_status":"closed","template":"","meta":[],"_links":{"self":[{"href":"http:\/\/www.mertens-unna.de\/index.php?rest_route=\/wp\/v2\/pages\/47"}],"collection":[{"href":"http:\/\/www.mertens-unna.de\/index.php?rest_route=\/wp\/v2\/pages"}],"about":[{"href":"http:\/\/www.mertens-unna.de\/index.php?rest_route=\/wp\/v2\/types\/page"}],"author":[{"embeddable":true,"href":"http:\/\/www.mertens-unna.de\/index.php?rest_route=\/wp\/v2\/users\/1"}],"replies":[{"embeddable":true,"href":"http:\/\/www.mertens-unna.de\/index.php?rest_route=%2Fwp%2Fv2%2Fcomments&post=47"}],"version-history":[{"count":29,"href":"http:\/\/www.mertens-unna.de\/index.php?rest_route=\/wp\/v2\/pages\/47\/revisions"}],"predecessor-version":[{"id":1067,"href":"http:\/\/www.mertens-unna.de\/index.php?rest_route=\/wp\/v2\/pages\/47\/revisions\/1067"}],"wp:attachment":[{"href":"http:\/\/www.mertens-unna.de\/index.php?rest_route=%2Fwp%2Fv2%2Fmedia&parent=47"}],"curies":[{"name":"wp","href":"https:\/\/api.w.org\/{rel}","templated":true}]}}