{"id":50,"date":"2014-01-28T21:07:03","date_gmt":"2014-01-28T19:07:03","guid":{"rendered":"http:\/\/www.mertens-unna.de\/?page_id=50"},"modified":"2019-07-22T17:15:54","modified_gmt":"2019-07-22T15:15:54","slug":"trockenbau-innenausbau","status":"publish","type":"page","link":"http:\/\/www.mertens-unna.de\/?page_id=50","title":{"rendered":"Trockenbau\/ Innenausbau"},"content":{"rendered":"<h1 style=\"text-align: left;\"><strong><span style=\"color: #ffcc00;\">Gut gebaut mit&#8230; Mertens Baustoffe<\/span><\/strong><\/h1>\n<h3><span style=\"color: #000000;\">Leistungsumgang:&nbsp;<\/span><span style=\"color: #000000;\">Trockenbau\/Innenausbau<\/span><\/h3>\n<hr>\n<h3><span style=\"color: #000000;\"><img decoding=\"async\" loading=\"lazy\" class=\"wp-image-559 alignright\" src=\"http:\/\/www.mertens-unna.de\/wp-content\/uploads\/2016\/06\/Trockebau-300x200.jpg\" alt=\"D\u00e4mmwolle - W\u00e4rmed\u00e4mmung\" width=\"350\" height=\"233\" srcset=\"http:\/\/www.mertens-unna.de\/wp-content\/uploads\/2016\/06\/Trockebau-300x200.jpg 300w, http:\/\/www.mertens-unna.de\/wp-content\/uploads\/2016\/06\/Trockebau-768x512.jpg 768w, http:\/\/www.mertens-unna.de\/wp-content\/uploads\/2016\/06\/Trockebau-1024x682.jpg 1024w, http:\/\/www.mertens-unna.de\/wp-content\/uploads\/2016\/06\/Trockebau-250x167.jpg 250w, http:\/\/www.mertens-unna.de\/wp-content\/uploads\/2016\/06\/Trockebau.jpg 1688w\" sizes=\"(max-width: 350px) 100vw, 350px\" \/><\/span><\/h3>\n<p><span style=\"color: #000000;\">Ist der Rohbau vollbracht erhalten Sie bei uns f\u00fcr Ihren Trocken- und Innenausbau von der Glaswolle \u00fcber St\u00e4nderwerke, Innenputzsysteme und Styropor bis hin zu diversen Trockenbauplatten wie Gipskarton-, Fermacell-, Calciumsilikat- und OSB-Platten.<\/span><\/p>\n<p>&nbsp;<\/p>\n<p>&nbsp;<\/p>\n<p>&nbsp;<\/p>\n<p>&nbsp;<\/p>\n<h3><span style=\"color: #000000;\">Ihr Fachberater: Trockenbau\/Innenausbau<\/span><\/h3>\n<hr>\n<p><img decoding=\"async\" loading=\"lazy\" class=\"alignleft wp-image-724 size-thumbnail\" src=\"http:\/\/www.mertens-unna.de\/wp-content\/uploads\/2016\/12\/002-Mertens-150x150.jpg\" width=\"150\" height=\"150\" srcset=\"http:\/\/www.mertens-unna.de\/wp-content\/uploads\/2016\/12\/002-Mertens-150x150.jpg 150w, http:\/\/www.mertens-unna.de\/wp-content\/uploads\/2016\/12\/002-Mertens-80x80.jpg 80w, http:\/\/www.mertens-unna.de\/wp-content\/uploads\/2016\/12\/002-Mertens-118x118.jpg 118w, http:\/\/www.mertens-unna.de\/wp-content\/uploads\/2016\/12\/002-Mertens-239x239.jpg 239w\" sizes=\"(max-width: 150px) 100vw, 150px\" \/><\/p>\n<h4><span style=\"color: #000000;\">Uwe M\u00fcller<\/span><\/h4>\n<p><span style=\"color: #000000;\">Telefon&nbsp;(0 23 03)&nbsp;9 86 93-5<\/span><br \/>\n<span style=\"color: #000000;\">E-Mail:&nbsp;<\/span><span class=\"s1\"><a href=\"mailto:mueller@mertens-unna.de\">mueller@mertens-unna.de<\/a><\/span><\/p>\n<h3>&nbsp;<\/h3>\n<h3>&nbsp;<\/h3>\n<h3>&nbsp;<\/h3>\n<h3><span style=\"color: #000000;\">Wir arbeiten mit nachstehenden Herstellern zusammen<\/span><\/h3>\n<hr>\n<p><span style=\"color: #000000;\">Siniat GmbH<\/span><br \/>\n<span style=\"color: #ffcc00;\"> <a style=\"color: #ffcc00;\" href=\"http:\/\/www.siniat.de\/de-DE\/\" target=\"_blank\">www.siniat.de<\/a><\/span><\/p>\n<p><span style=\"color: #000000;\">Knauf Gips KG<\/span><br \/>\n<span style=\"color: #ffcc00;\"> <a style=\"color: #ffcc00;\" href=\"https:\/\/www.knauf.de\/\" target=\"_blank\">www.knauf.de<\/a><\/span><\/p>\n<p><span style=\"color: #000000;\">Saint-Gobain Rigips GmbH<\/span><br \/>\n<span style=\"color: #ffcc00;\"> <a style=\"color: #ffcc00;\" href=\"http:\/\/www.rigips.de\/\" target=\"_blank\">www.rigips.de<\/a><\/span><\/p>\n<p><span style=\"color: #000000;\">PROTEKTORWERK<\/span><br \/>\n<span style=\"color: #000000;\"> Florenz Maisch GmbH &amp; Co. KG<\/span><br \/>\n<span style=\"color: #ffcc00;\"> <a style=\"color: #ffcc00;\" href=\"http:\/\/protektor.com\/\" target=\"_blank\">www.protektor.com<\/a><\/span><\/p>\n","protected":false},"excerpt":{"rendered":"<p>Gut gebaut mit&#8230; Mertens Baustoffe Leistungsumgang:&nbsp;Trockenbau\/Innenausbau Ist der Rohbau vollbracht erhalten Sie bei uns f\u00fcr Ihren Trocken- und Innenausbau von der Glaswolle \u00fcber St\u00e4nderwerke, Innenputzsysteme und Styropor bis hin zu diversen Trockenbauplatten wie Gipskarton-, Fermacell-, Calciumsilikat- und OSB-Platten. &nbsp; &nbsp; &nbsp; &nbsp; Ihr Fachberater: Trockenbau\/Innenausbau Uwe M\u00fcller Telefon&nbsp;(0 23 03)&nbsp;9 86 93-5 E-Mail:&nbsp;mueller@mertens-unna.de &nbsp; &nbsp;&#8230;<\/p>\n","protected":false},"author":1,"featured_media":0,"parent":0,"menu_order":15,"comment_status":"closed","ping_status":"closed","template":"","meta":[],"_links":{"self":[{"href":"http:\/\/www.mertens-unna.de\/index.php?rest_route=\/wp\/v2\/pages\/50"}],"collection":[{"href":"http:\/\/www.mertens-unna.de\/index.php?rest_route=\/wp\/v2\/pages"}],"about":[{"href":"http:\/\/www.mertens-unna.de\/index.php?rest_route=\/wp\/v2\/types\/page"}],"author":[{"embeddable":true,"href":"http:\/\/www.mertens-unna.de\/index.php?rest_route=\/wp\/v2\/users\/1"}],"replies":[{"embeddable":true,"href":"http:\/\/www.mertens-unna.de\/index.php?rest_route=%2Fwp%2Fv2%2Fcomments&post=50"}],"version-history":[{"count":36,"href":"http:\/\/www.mertens-unna.de\/index.php?rest_route=\/wp\/v2\/pages\/50\/revisions"}],"predecessor-version":[{"id":1087,"href":"http:\/\/www.mertens-unna.de\/index.php?rest_route=\/wp\/v2\/pages\/50\/revisions\/1087"}],"wp:attachment":[{"href":"http:\/\/www.mertens-unna.de\/index.php?rest_route=%2Fwp%2Fv2%2Fmedia&parent=50"}],"curies":[{"name":"wp","href":"https:\/\/api.w.org\/{rel}","templated":true}]}}