{"id":56,"date":"2014-01-28T21:07:40","date_gmt":"2014-01-28T19:07:40","guid":{"rendered":"http:\/\/www.mertens-unna.de\/?page_id=56"},"modified":"2019-07-22T17:18:20","modified_gmt":"2019-07-22T15:18:20","slug":"aussenanlagen-freizeit-garten","status":"publish","type":"page","link":"http:\/\/www.mertens-unna.de\/?page_id=56","title":{"rendered":"Au\u00dfenanlagen\/ Garten"},"content":{"rendered":"<h1 style=\"text-align: left;\"><strong><span style=\"color: #ffcc00;\">Gut gebaut mit&#8230; Mertens Baustoffe<\/span><\/strong><\/h1>\n<h3 style=\"text-align: left;\"><span style=\"color: #000000;\">Leistungsumfang: Au\u00dfenanlagen\/Garten<\/span><\/h3>\n<hr>\n<h3 style=\"text-align: left;\"><span style=\"color: #000000;\"><img decoding=\"async\" loading=\"lazy\" class=\"alignright wp-image-552\" src=\"http:\/\/www.mertens-unna.de\/wp-content\/uploads\/2016\/06\/Au\u00dfenanlagen.jpg\" width=\"350\" height=\"233\" srcset=\"http:\/\/www.mertens-unna.de\/wp-content\/uploads\/2016\/06\/Au\u00dfenanlagen.jpg 1688w, http:\/\/www.mertens-unna.de\/wp-content\/uploads\/2016\/06\/Au\u00dfenanlagen-300x200.jpg 300w, http:\/\/www.mertens-unna.de\/wp-content\/uploads\/2016\/06\/Au\u00dfenanlagen-768x512.jpg 768w, http:\/\/www.mertens-unna.de\/wp-content\/uploads\/2016\/06\/Au\u00dfenanlagen-1024x683.jpg 1024w, http:\/\/www.mertens-unna.de\/wp-content\/uploads\/2016\/06\/Au\u00dfenanlagen-250x167.jpg 250w\" sizes=\"(max-width: 350px) 100vw, 350px\" \/><\/span><\/h3>\n<p><span style=\"color: #000000;\">F\u00fcr Ihre Au\u00dfenanlagen und pers\u00f6nlichen Gartentr\u00e4ume f\u00fchren wir ein umfangreiches Materialangebot von Mutterboden, Rindenmulch und Sandkastensand \u00fcber Mauersysteme, Natur- und Pflastersteine sowie Terrassenplatten und Feinsteinzeug bis hin zu unterschiedlichen Zierkiessorten, welcher f\u00fcr Sie lose oder gesackt erh\u00e4ltlich sind.<\/span><\/p>\n<p><span style=\"color: #000000;\">Garbionen sind auftragsbezogen ebenfalls erh\u00e4ltlich und auf Wunsch f\u00fcr Sie bestellbar. Gerne beraten wir Sie bei Ihrem Vorhaben und Auftrag!<\/span><\/p>\n<p>&nbsp;<\/p>\n<div>\n<div id=\"main-col\">\n<div id=\"page-50\">\n<h3>&nbsp;<\/h3>\n<h3><span style=\"color: #000000;\">Ihre Fachberaterinnen:&nbsp;Au\u00dfenanlagen\/Garten<\/span><\/h3>\n<hr>\n<p><img decoding=\"async\" loading=\"lazy\" class=\"alignleft wp-image-687 size-thumbnail\" src=\"http:\/\/www.mertens-unna.de\/wp-content\/uploads\/2016\/08\/0015-150x150.jpg\" width=\"150\" height=\"150\"><\/p>\n<h4><span style=\"color: #000000;\">Nina Hangebrock<\/span><\/h4>\n<p><span style=\"color: #000000;\">Telefon&nbsp;(0 23 03)&nbsp;9 86 93-4<\/span><br \/>\n<span style=\"color: #000000;\">E-Mail:&nbsp;<\/span><span class=\"s1\"><a href=\"mailto:nhangebrock@mertens-unna.de\">nhangebrock@mertens-unna.de<\/a><\/span><\/p>\n<h4>&nbsp;<\/h4>\n<\/div>\n<\/div>\n<\/div>\n<p>&nbsp;<\/p>\n<p>&nbsp;<\/p>\n<div>\n<div id=\"main-col\">\n<div id=\"page-50\">\n<h4><span style=\"color: #000000;\"><img decoding=\"async\" loading=\"lazy\" class=\"alignleft wp-image-688 size-thumbnail\" src=\"http:\/\/www.mertens-unna.de\/wp-content\/uploads\/2016\/08\/0018-150x150.jpg\" width=\"150\" height=\"150\">Anja Hillebrand<\/span><\/h4>\n<p><span style=\"color: #000000;\">Telefon (0 23 03)&nbsp;9 86 93-4<\/span><br \/>\n<span style=\"color: #000000;\">E-Mail: <a href=\"mailto:hillebrand@mertens-unna.de\">hillebrand@mertens-unna.de<\/a><\/span><\/p>\n<\/div>\n<\/div>\n<\/div>\n<p>&nbsp;<\/p>\n<p>&nbsp;<\/p>\n<h3><span style=\"color: #000000;\">Wir arbeiten mit nachstehenden Herstellern zusammen<\/span><\/h3>\n<hr>\n<p><span style=\"color: #000000;\">Metten Stein+Design GmbH &amp; Co. KG<\/span><br \/>\n<span style=\"color: #ffcc00;\"> <a style=\"color: #ffcc00;\" href=\"https:\/\/www.metten.de\/\" target=\"_blank\">www.metten.de<\/a><\/span><\/p>\n<p><span style=\"color: #000000;\">Ehl AG<\/span><br \/>\n<span style=\"color: #ffcc00;\"> <a style=\"color: #ffcc00;\" href=\"http:\/\/www.ehl.de\/\" target=\"_blank\">www.ehl.de<\/a><\/span><\/p>\n<p><span style=\"color: #000000;\">Woehe &amp; Heydemann Betonwerke GmbH &amp; Co. KG<\/span><br \/>\n<span style=\"color: #ffcc00;\"> <a style=\"color: #ffcc00;\" href=\"https:\/\/www.woehe.com\/\" target=\"_blank\">www.woehe.com<\/a><\/span><\/p>\n<p><span style=\"color: #000000;\">Heinrich Klostermann GmbH und Co. KG Betonwerke<\/span><br \/>\n<span style=\"color: #ffcc00;\"> <a style=\"color: #ffcc00;\" href=\"http:\/\/www.klostermann-beton.de\/\" target=\"_blank\">www.klostermann-beton.de<\/a><\/span><\/p>\n","protected":false},"excerpt":{"rendered":"<p>Gut gebaut mit&#8230; Mertens Baustoffe Leistungsumfang: Au\u00dfenanlagen\/Garten F\u00fcr Ihre Au\u00dfenanlagen und pers\u00f6nlichen Gartentr\u00e4ume f\u00fchren wir ein umfangreiches Materialangebot von Mutterboden, Rindenmulch und Sandkastensand \u00fcber Mauersysteme, Natur- und Pflastersteine sowie Terrassenplatten und Feinsteinzeug bis hin zu unterschiedlichen Zierkiessorten, welcher f\u00fcr Sie lose oder gesackt erh\u00e4ltlich sind. Garbionen sind auftragsbezogen ebenfalls erh\u00e4ltlich und auf Wunsch f\u00fcr Sie&#8230;<\/p>\n","protected":false},"author":1,"featured_media":0,"parent":0,"menu_order":17,"comment_status":"closed","ping_status":"closed","template":"","meta":[],"_links":{"self":[{"href":"http:\/\/www.mertens-unna.de\/index.php?rest_route=\/wp\/v2\/pages\/56"}],"collection":[{"href":"http:\/\/www.mertens-unna.de\/index.php?rest_route=\/wp\/v2\/pages"}],"about":[{"href":"http:\/\/www.mertens-unna.de\/index.php?rest_route=\/wp\/v2\/types\/page"}],"author":[{"embeddable":true,"href":"http:\/\/www.mertens-unna.de\/index.php?rest_route=\/wp\/v2\/users\/1"}],"replies":[{"embeddable":true,"href":"http:\/\/www.mertens-unna.de\/index.php?rest_route=%2Fwp%2Fv2%2Fcomments&post=56"}],"version-history":[{"count":39,"href":"http:\/\/www.mertens-unna.de\/index.php?rest_route=\/wp\/v2\/pages\/56\/revisions"}],"predecessor-version":[{"id":1090,"href":"http:\/\/www.mertens-unna.de\/index.php?rest_route=\/wp\/v2\/pages\/56\/revisions\/1090"}],"wp:attachment":[{"href":"http:\/\/www.mertens-unna.de\/index.php?rest_route=%2Fwp%2Fv2%2Fmedia&parent=56"}],"curies":[{"name":"wp","href":"https:\/\/api.w.org\/{rel}","templated":true}]}}