{"id":592,"date":"2016-06-14T08:49:31","date_gmt":"2016-06-14T06:49:31","guid":{"rendered":"http:\/\/www.mertens-unna.de\/?page_id=592"},"modified":"2019-07-22T17:14:41","modified_gmt":"2019-07-22T15:14:41","slug":"tiefbau","status":"publish","type":"page","link":"http:\/\/www.mertens-unna.de\/?page_id=592","title":{"rendered":"Tiefbau"},"content":{"rendered":"<h1><strong><span style=\"color: #ffcc00;\">Gut gebaut mit&#8230; Mertens Baustoffe<\/span><\/strong><\/h1>\n<h3><span style=\"color: #000000;\">Leistungsumgang: Tiefbau<\/span><\/h3>\n<hr>\n<p><img decoding=\"async\" loading=\"lazy\" class=\"wp-image-558 alignright\" src=\"http:\/\/www.mertens-unna.de\/wp-content\/uploads\/2016\/06\/Tiefbau-1024x682.jpg\" alt=\"Betonrohre01\" width=\"350\" height=\"233\" srcset=\"http:\/\/www.mertens-unna.de\/wp-content\/uploads\/2016\/06\/Tiefbau-1024x682.jpg 1024w, http:\/\/www.mertens-unna.de\/wp-content\/uploads\/2016\/06\/Tiefbau-300x200.jpg 300w, http:\/\/www.mertens-unna.de\/wp-content\/uploads\/2016\/06\/Tiefbau-768x512.jpg 768w, http:\/\/www.mertens-unna.de\/wp-content\/uploads\/2016\/06\/Tiefbau-250x167.jpg 250w, http:\/\/www.mertens-unna.de\/wp-content\/uploads\/2016\/06\/Tiefbau.jpg 1688w\" sizes=\"(max-width: 350px) 100vw, 350px\" \/><\/p>\n<p><span style=\"color: #000000;\">Zum Thema Tiefbau erstreckt sich unsere Produktpalette von KG-Rohren (darunter auch KG 2000), Tief- und Hochborden \u00fcber diverse Schachtteile und -abdeckungen sowie Pflastersteine bis hin zu diversen Sch\u00fcttg\u00fctern wie Kalksteinschotter und Edelsplit.<\/span><\/p>\n<p><span style=\"color: #000000;\">Objektbezogen und auf Bestellung erhalten Sie bei uns auch Betonrohre und gro\u00dfformatige Kunststoffrohre.<\/span><\/p>\n<p>&nbsp;<\/p>\n<p>&nbsp;<\/p>\n<p>&nbsp;<\/p>\n<h3>Ihre Fachberaterin: Tiefbau<\/h3>\n<hr>\n<p><img decoding=\"async\" loading=\"lazy\" class=\"alignleft wp-image-687 size-thumbnail\" src=\"http:\/\/www.mertens-unna.de\/wp-content\/uploads\/2016\/08\/0015-150x150.jpg\" width=\"150\" height=\"150\"><\/p>\n<h4><span style=\"color: #000000;\">Nina Hangebrock<\/span><\/h4>\n<p><span style=\"color: #000000;\">Telefon&nbsp;(0 23 03)&nbsp;9 86 93-4<\/span><br \/>\n<span style=\"color: #000000;\"> E-Mail:&nbsp;<\/span><span class=\"s1\"><a href=\"mailto:nhangebrock@mertens-unna.de\">nhangebrock@mertens-unna.de<\/a><\/span><span class=\"s2\">&nbsp;&nbsp;&nbsp;&nbsp;&nbsp;<\/span><\/p>\n<p>&nbsp;<\/p>\n<p>&nbsp;<\/p>\n<p>&nbsp;<\/p>\n<h3><span style=\"color: #000000;\">Wir arbeiten mit nachstehenden Herstellern zusammen<\/span><\/h3>\n<hr>\n<p><span style=\"color: #000000;\">BERDING BETON GmbH<\/span><br \/>\n<span style=\"color: #ffcc00;\"><a style=\"color: #ffcc00;\" href=\"https:\/\/www.berdingbeton.de\/\" target=\"_blank\"> www.berdingbeton.de<\/a><\/span><\/p>\n<p><span style=\"color: #000000;\">Heinrich Klostermann GmbH und Co. KG Betonwerke<\/span><br \/>\n<span style=\"color: #ffcc00;\"> <a style=\"color: #ffcc00;\" href=\"http:\/\/www.klostermann-beton.de\/\" target=\"_blank\">www.klostermann-beton.de<\/a><\/span><\/p>\n<p><span style=\"color: #000000;\">Heinrich Niemeier GmbH &amp; Co. KG<\/span><br \/>\n<span style=\"color: #ffcc00;\"> <a style=\"color: #ffcc00;\" href=\"http:\/\/www.h-niemeier.de\/\" target=\"_blank\">www.h-niemeier.de<\/a><\/span><\/p>\n","protected":false},"excerpt":{"rendered":"<p>Gut gebaut mit&#8230; Mertens Baustoffe Leistungsumgang: Tiefbau Zum Thema Tiefbau erstreckt sich unsere Produktpalette von KG-Rohren (darunter auch KG 2000), Tief- und Hochborden \u00fcber diverse Schachtteile und -abdeckungen sowie Pflastersteine bis hin zu diversen Sch\u00fcttg\u00fctern wie Kalksteinschotter und Edelsplit. Objektbezogen und auf Bestellung erhalten Sie bei uns auch Betonrohre und gro\u00dfformatige Kunststoffrohre. &nbsp; &nbsp; &nbsp;&#8230;<\/p>\n","protected":false},"author":1,"featured_media":0,"parent":0,"menu_order":19,"comment_status":"closed","ping_status":"closed","template":"","meta":[],"_links":{"self":[{"href":"http:\/\/www.mertens-unna.de\/index.php?rest_route=\/wp\/v2\/pages\/592"}],"collection":[{"href":"http:\/\/www.mertens-unna.de\/index.php?rest_route=\/wp\/v2\/pages"}],"about":[{"href":"http:\/\/www.mertens-unna.de\/index.php?rest_route=\/wp\/v2\/types\/page"}],"author":[{"embeddable":true,"href":"http:\/\/www.mertens-unna.de\/index.php?rest_route=\/wp\/v2\/users\/1"}],"replies":[{"embeddable":true,"href":"http:\/\/www.mertens-unna.de\/index.php?rest_route=%2Fwp%2Fv2%2Fcomments&post=592"}],"version-history":[{"count":28,"href":"http:\/\/www.mertens-unna.de\/index.php?rest_route=\/wp\/v2\/pages\/592\/revisions"}],"predecessor-version":[{"id":1085,"href":"http:\/\/www.mertens-unna.de\/index.php?rest_route=\/wp\/v2\/pages\/592\/revisions\/1085"}],"wp:attachment":[{"href":"http:\/\/www.mertens-unna.de\/index.php?rest_route=%2Fwp%2Fv2%2Fmedia&parent=592"}],"curies":[{"name":"wp","href":"https:\/\/api.w.org\/{rel}","templated":true}]}}