{"id":8,"date":"2014-01-28T21:00:56","date_gmt":"2014-01-28T19:00:56","guid":{"rendered":"http:\/\/www.mertens-unna.de\/?page_id=8"},"modified":"2018-10-26T13:31:11","modified_gmt":"2018-10-26T11:31:11","slug":"ueber-uns","status":"publish","type":"page","link":"http:\/\/www.mertens-unna.de\/?page_id=8","title":{"rendered":"\u00dcber uns"},"content":{"rendered":"<h3><span style=\"color: #000000;\">Gut gebaut mit&#8230; Mertens Baustoffe. Seit 1960.<\/span><\/h3>\n<hr>\n<h3><strong><img decoding=\"async\" loading=\"lazy\" class=\"alignright wp-image-580\" src=\"http:\/\/www.mertens-unna.de\/wp-content\/uploads\/2016\/06\/Fuhrpark_Mertens-1024x814.jpg\" alt=\"Fuhrpark_Mertens\" width=\"314\" height=\"250\" srcset=\"http:\/\/www.mertens-unna.de\/wp-content\/uploads\/2016\/06\/Fuhrpark_Mertens-1024x814.jpg 1024w, http:\/\/www.mertens-unna.de\/wp-content\/uploads\/2016\/06\/Fuhrpark_Mertens-300x238.jpg 300w, http:\/\/www.mertens-unna.de\/wp-content\/uploads\/2016\/06\/Fuhrpark_Mertens-768x611.jpg 768w, http:\/\/www.mertens-unna.de\/wp-content\/uploads\/2016\/06\/Fuhrpark_Mertens-250x199.jpg 250w, http:\/\/www.mertens-unna.de\/wp-content\/uploads\/2016\/06\/Fuhrpark_Mertens-251x199.jpg 251w, http:\/\/www.mertens-unna.de\/wp-content\/uploads\/2016\/06\/Fuhrpark_Mertens-252x201.jpg 252w, http:\/\/www.mertens-unna.de\/wp-content\/uploads\/2016\/06\/Fuhrpark_Mertens-104x84.jpg 104w, http:\/\/www.mertens-unna.de\/wp-content\/uploads\/2016\/06\/Fuhrpark_Mertens.jpg 1858w\" sizes=\"(max-width: 314px) 100vw, 314px\" \/> <\/strong><\/h3>\n<p><span style=\"color: #000000;\">Wir sind ein alteingesessener Familienbetrieb, der im Jahre 1960 von Alfons Mertens an der Hertingerstra\u00dfe 65 in Unna gegr\u00fcndet wurde. Heute leitet sein Sohn Peter Mertens das Unternehmen. Im Laufe der Zeit wurde der Betrieb st\u00e4ndig vergr\u00f6\u00dfert und damit den aktuellen Bed\u00fcrfnissen der Kunden angepasst.<\/span><\/p>\n<h3><span style=\"color: #000000;\">Kundenorientiert, zuverl\u00e4ssig und leistungsstark.<\/span><strong><br \/>\n<\/strong><\/h3>\n<p><span style=\"color: #000000;\">Unser modernes Unternehmen versteht sich als leistungsstarker und zuverl\u00e4ssiger Partner f\u00fcr private Bauherren, Unternehmen und die Industrie. Wir bieten ein \u00fcberzeugendes Produktangebot und einen gleichbleibenden Qualit\u00e4tsstandard.<\/span><\/p>\n<h3><span style=\"color: #000000;\">Unser Handeln im Unternehmen vereint Fortschritt und Umweltbewusstsein.<\/span><\/h3>\n<p><span style=\"color: #000000;\">Auf 8.000 qm Fl\u00e4che bieten wir Produkte aus den Bereichen Baustoffe, Baufachmarkt und Fliese an. Gro\u00dfe und moderne Ausstellungsfl\u00e4chen pr\u00e4sentieren dar\u00fcber hinaus&nbsp;L\u00f6sungen und zeigen Inspirationen rund ums Bauen, Renovieren und Modernisieren.<\/span><\/p>\n<h4>&nbsp;<\/h4>\n","protected":false},"excerpt":{"rendered":"<p>Gut gebaut mit&#8230; Mertens Baustoffe. Seit 1960. Wir sind ein alteingesessener Familienbetrieb, der im Jahre 1960 von Alfons Mertens an der Hertingerstra\u00dfe 65 in Unna gegr\u00fcndet wurde. Heute leitet sein Sohn Peter Mertens das Unternehmen. Im Laufe der Zeit wurde der Betrieb st\u00e4ndig vergr\u00f6\u00dfert und damit den aktuellen Bed\u00fcrfnissen der Kunden angepasst. Kundenorientiert, zuverl\u00e4ssig und&#8230;<\/p>\n","protected":false},"author":1,"featured_media":752,"parent":0,"menu_order":1,"comment_status":"closed","ping_status":"closed","template":"","meta":[],"_links":{"self":[{"href":"http:\/\/www.mertens-unna.de\/index.php?rest_route=\/wp\/v2\/pages\/8"}],"collection":[{"href":"http:\/\/www.mertens-unna.de\/index.php?rest_route=\/wp\/v2\/pages"}],"about":[{"href":"http:\/\/www.mertens-unna.de\/index.php?rest_route=\/wp\/v2\/types\/page"}],"author":[{"embeddable":true,"href":"http:\/\/www.mertens-unna.de\/index.php?rest_route=\/wp\/v2\/users\/1"}],"replies":[{"embeddable":true,"href":"http:\/\/www.mertens-unna.de\/index.php?rest_route=%2Fwp%2Fv2%2Fcomments&post=8"}],"version-history":[{"count":34,"href":"http:\/\/www.mertens-unna.de\/index.php?rest_route=\/wp\/v2\/pages\/8\/revisions"}],"predecessor-version":[{"id":1060,"href":"http:\/\/www.mertens-unna.de\/index.php?rest_route=\/wp\/v2\/pages\/8\/revisions\/1060"}],"wp:featuredmedia":[{"embeddable":true,"href":"http:\/\/www.mertens-unna.de\/index.php?rest_route=\/wp\/v2\/media\/752"}],"wp:attachment":[{"href":"http:\/\/www.mertens-unna.de\/index.php?rest_route=%2Fwp%2Fv2%2Fmedia&parent=8"}],"curies":[{"name":"wp","href":"https:\/\/api.w.org\/{rel}","templated":true}]}}